{"id":377,"date":"2020-05-02T15:13:43","date_gmt":"2020-05-02T15:13:43","guid":{"rendered":"https:\/\/palmaabogados.com\/?page_id=377"},"modified":"2020-05-20T02:38:39","modified_gmt":"2020-05-20T02:38:39","slug":"blog","status":"publish","type":"page","link":"https:\/\/palmaabogados.com\/index.php\/blog\/","title":{"rendered":"Blog"},"content":{"rendered":"\t\t<div data-elementor-type=\"wp-page\" data-elementor-id=\"377\" class=\"elementor elementor-377\" data-elementor-post-type=\"page\">\n\t\t\t\t\t\t\t\t\t<section class=\"elementor-section elementor-top-section elementor-element elementor-element-42fb7b3 elementor-section-boxed elementor-section-height-default elementor-section-height-default\" data-id=\"42fb7b3\" data-element_type=\"section\">\n\t\t\t\t\t\t<div class=\"elementor-container elementor-column-gap-default\">\n\t\t\t\t\t<div class=\"elementor-column elementor-col-100 elementor-top-column elementor-element elementor-element-1ae6ad1\" data-id=\"1ae6ad1\" data-element_type=\"column\">\n\t\t\t<div class=\"elementor-widget-wrap elementor-element-populated\">\n\t\t\t\t\t\t\t\t<div class=\"elementor-element elementor-element-aa0e1c8 elementor-widget elementor-widget-heading\" data-id=\"aa0e1c8\" data-element_type=\"widget\" data-widget_type=\"heading.default\">\n\t\t\t\t<div class=\"elementor-widget-container\">\n\t\t\t<h2 class=\"elementor-heading-title elementor-size-default\">Blog Palma Abogados<\/h2>\t\t<\/div>\n\t\t\t\t<\/div>\n\t\t\t\t\t<\/div>\n\t\t<\/div>\n\t\t\t\t\t\t\t<\/div>\n\t\t<\/section>\n\t\t\t\t<section class=\"elementor-section elementor-top-section elementor-element elementor-element-f07ef21 elementor-section-boxed elementor-section-height-default elementor-section-height-default\" data-id=\"f07ef21\" data-element_type=\"section\">\n\t\t\t\t\t\t<div class=\"elementor-container elementor-column-gap-default\">\n\t\t\t\t\t<div class=\"elementor-column elementor-col-100 elementor-top-column elementor-element elementor-element-d5d993b\" data-id=\"d5d993b\" data-element_type=\"column\">\n\t\t\t<div class=\"elementor-widget-wrap elementor-element-populated\">\n\t\t\t\t\t\t\t\t<div class=\"elementor-element elementor-element-f5c64c5 elementor-widget elementor-widget-text-editor\" data-id=\"f5c64c5\" data-element_type=\"widget\" data-widget_type=\"text-editor.default\">\n\t\t\t\t<div class=\"elementor-widget-container\">\n\t\t\t\t\t\t\t<div dir=\"auto\" style=\"text-align: start;\"><strong>DERECHO SOCIETARIO<\/strong><\/div><div dir=\"auto\" style=\"text-align: start;\">Bolet\u00edn Informativo 002 (20-05-2020) &#8211; Palma Abogados &#8211; Manta, Manab\u00ed, Ecuador.<\/div>\t\t\t\t\t\t<\/div>\n\t\t\t\t<\/div>\n\t\t\t\t\t<\/div>\n\t\t<\/div>\n\t\t\t\t\t\t\t<\/div>\n\t\t<\/section>\n\t\t\t\t<section class=\"elementor-section elementor-top-section elementor-element elementor-element-ec414a2 elementor-section-boxed elementor-section-height-default elementor-section-height-default\" data-id=\"ec414a2\" data-element_type=\"section\">\n\t\t\t\t\t\t<div class=\"elementor-container elementor-column-gap-default\">\n\t\t\t\t\t<div class=\"elementor-column elementor-col-100 elementor-top-column elementor-element elementor-element-1189ee0\" data-id=\"1189ee0\" data-element_type=\"column\">\n\t\t\t<div class=\"elementor-widget-wrap\">\n\t\t\t\t\t\t\t\t\t<\/div>\n\t\t<\/div>\n\t\t\t\t\t\t\t<\/div>\n\t\t<\/section>\n\t\t\t\t<section class=\"elementor-section elementor-top-section elementor-element elementor-element-f9d1f92 elementor-section-boxed elementor-section-height-default elementor-section-height-default\" data-id=\"f9d1f92\" data-element_type=\"section\">\n\t\t\t\t\t\t<div class=\"elementor-container elementor-column-gap-default\">\n\t\t\t\t\t<div class=\"elementor-column elementor-col-100 elementor-top-column elementor-element elementor-element-32df6dc\" data-id=\"32df6dc\" data-element_type=\"column\">\n\t\t\t<div class=\"elementor-widget-wrap elementor-element-populated\">\n\t\t\t\t\t\t\t\t<div class=\"elementor-element elementor-element-acdf059 elementor-widget elementor-widget-image\" data-id=\"acdf059\" data-element_type=\"widget\" data-widget_type=\"image.default\">\n\t\t\t\t<div class=\"elementor-widget-container\">\n\t\t\t\t\t\t\t\t\t\t\t\t\t\t\t<img fetchpriority=\"high\" decoding=\"async\" width=\"960\" height=\"348\" src=\"https:\/\/palmaabogados.com\/wp-content\/uploads\/2020\/05\/webblogboletin2.png\" class=\"attachment-full size-full wp-image-414\" alt=\"\" srcset=\"https:\/\/palmaabogados.com\/wp-content\/uploads\/2020\/05\/webblogboletin2.png 960w, https:\/\/palmaabogados.com\/wp-content\/uploads\/2020\/05\/webblogboletin2-300x109.png 300w, https:\/\/palmaabogados.com\/wp-content\/uploads\/2020\/05\/webblogboletin2-768x278.png 768w\" sizes=\"(max-width: 34.9rem) calc(100vw - 2rem), (max-width: 53rem) calc(8 * (100vw \/ 12)), (min-width: 53rem) calc(6 * (100vw \/ 12)), 100vw\" \/>\t\t\t\t\t\t\t\t\t\t\t\t\t\t\t<\/div>\n\t\t\t\t<\/div>\n\t\t\t\t<div class=\"elementor-element elementor-element-a3c681b elementor-widget elementor-widget-text-editor\" data-id=\"a3c681b\" data-element_type=\"widget\" data-widget_type=\"text-editor.default\">\n\t\t\t\t<div class=\"elementor-widget-container\">\n\t\t\t\t\t\t\t<p><strong>SOCIEDAD POR ACCIONES SIMPLIFICADA (S.A.S)<\/strong><\/p><p>En el Registro Oficial Suplemento # 151 de 28 de febrero del 2020, a trav\u00e9s de la promulgaci\u00f3n de la Ley Org\u00e1nica de Emprendimiento e Innovaci\u00f3n, y reformando para ello la Ley de Compa\u00f1\u00edas, se cre\u00f3 esta nueva modalidad societaria en el Ecuador, en lo que la Superintendencia de Compa\u00f1\u00edas, ha se\u00f1alado es la innovaci\u00f3n m\u00e1s importante del Derecho Societario ecuatoriano en d\u00e9cadas, pues se incorporan cambios sustanciales a nuestra legislaci\u00f3n &#8211; que data del a\u00f1o 1964 &#8211; tales como:<\/p><ul><li>Evoluciona el concepto de sociedad mercantil, vigente desde entonces en nuestro ordenamiento interno, por el cual la existencia de una persona jur\u00eddica solo era posible mediante el acuerdo de voluntades de <strong>dos<\/strong> o m\u00e1s personas con el \u00e1nimo de emprender en una actividad econ\u00f3mica, pero que, a partir de la reforma del mes de febrero, admite ahora la posibilidad de operar bajo el ropaje que presta la personalidad jur\u00eddica, incluso a aquellos <strong>emprendimientos unipersonales. <\/strong><\/li><li>Se incorpora una nueva especie de compa\u00f1\u00eda, la Sociedad por Acciones Simplificada (S.A.S), a las cinco especies reconocidas tradicionalmente en la ley desde el a\u00f1o 1964.<\/li><li>Se diversifica el principio de existencia legal de una compa\u00f1\u00eda de comercio, que estaba dado por la inscripci\u00f3n del contrato social en el Registro Mercantil respectivo, ya que para el caso de la S.A.S. es reemplazado por su inscripci\u00f3n en el Registro de Sociedades de la Superintendencia de Compa\u00f1\u00edas.<\/li><\/ul><p><strong>Sus principales caracter\u00edsticas: <\/strong><\/p><ul><li>Puede constituirse con un \u00fanico accionista (unipersonal)<\/li><li>No requiere tr\u00e1mite notarial ni inscripci\u00f3n en el Registro Mercantil<\/li><li>Su plazo de existencia puede ser indefinido<\/li><li>Su actividad econ\u00f3mica podr\u00e1 ser cualquiera de car\u00e1cter l\u00edcito, salvo ciertas excepciones previstas en la ley<\/li><li>No requiere de capital m\u00ednimo para su creaci\u00f3n<\/li><li>El o los accionistas pueden adoptar normas especiales para su funcionamiento.<\/li><\/ul><p><strong>Ventajas:<\/strong><\/p><ul><li>Reducci\u00f3n de los costos de transacci\u00f3n en el proceso de constituci\u00f3n<\/li><li>Favorece el emprendimiento y formalizaci\u00f3n r\u00e1pida de negocios unipersonales<\/li><li>Permite estructurar su organizaci\u00f3n, funcionamiento y administraci\u00f3n de la manera m\u00e1s conveniente a los intereses de los accionistas<\/li><li>No es necesario contar con un capital m\u00ednimo para su constituci\u00f3n<\/li><li>Admite la posibilidad de transformaci\u00f3n en otro tipo de sociedad<\/li><li>Sus libros sociales y asientos contables podr\u00e1n constar en medios electr\u00f3nicos<\/li><\/ul><p><strong>Desventajas <\/strong><\/p><ul><li>Sus acciones no pueden negociarse a trav\u00e9s del mercado de valores<\/li><li>No podr\u00e1n realizar actividades financieras, de mercado de valores, seguros y otras que tengan un tratamiento especial.<\/li><li>La negociaci\u00f3n libre de acciones puede ser limitada o restringida por el contrato social<\/li><\/ul><p>Cabe se\u00f1alar, que el modelo colombiano de sociedades por acciones simplificadas actualmente se ha expandido a diferentes pa\u00edses de Am\u00e9rica Latina como Argentina, Brasil y M\u00e9xico, y particularmente en Colombia, en donde est\u00e1 vigente desde hace m\u00e1s de una d\u00e9cada, hoy en d\u00eda m\u00e1s del 90% de las compa\u00f1\u00edas se constituyen en ese pa\u00eds bajo esta figura societaria, debido a las ventajas que presta a nivel de su constituci\u00f3n y funcionamiento frente a otras formas asociativas.<\/p>\t\t\t\t\t\t<\/div>\n\t\t\t\t<\/div>\n\t\t\t\t\t<\/div>\n\t\t<\/div>\n\t\t\t\t\t\t\t<\/div>\n\t\t<\/section>\n\t\t\t\t<section class=\"elementor-section elementor-top-section elementor-element elementor-element-2422212 elementor-section-boxed elementor-section-height-default elementor-section-height-default\" data-id=\"2422212\" data-element_type=\"section\">\n\t\t\t\t\t\t<div class=\"elementor-container elementor-column-gap-default\">\n\t\t\t\t\t<div class=\"elementor-column elementor-col-100 elementor-top-column elementor-element elementor-element-967d796\" data-id=\"967d796\" data-element_type=\"column\">\n\t\t\t<div class=\"elementor-widget-wrap elementor-element-populated\">\n\t\t\t\t\t\t\t\t<div class=\"elementor-element elementor-element-c224f57 elementor-widget-divider--view-line elementor-widget elementor-widget-divider\" data-id=\"c224f57\" data-element_type=\"widget\" data-widget_type=\"divider.default\">\n\t\t\t\t<div class=\"elementor-widget-container\">\n\t\t\t\t\t<div class=\"elementor-divider\">\n\t\t\t<span class=\"elementor-divider-separator\">\n\t\t\t\t\t\t<\/span>\n\t\t<\/div>\n\t\t\t\t<\/div>\n\t\t\t\t<\/div>\n\t\t\t\t\t<\/div>\n\t\t<\/div>\n\t\t\t\t\t\t\t<\/div>\n\t\t<\/section>\n\t\t\t\t<section class=\"elementor-section elementor-top-section elementor-element elementor-element-f4f25e7 elementor-section-boxed elementor-section-height-default elementor-section-height-default\" data-id=\"f4f25e7\" data-element_type=\"section\">\n\t\t\t\t\t\t<div class=\"elementor-container elementor-column-gap-default\">\n\t\t\t\t\t<div class=\"elementor-column elementor-col-100 elementor-top-column elementor-element elementor-element-cab442f\" data-id=\"cab442f\" data-element_type=\"column\">\n\t\t\t<div class=\"elementor-widget-wrap elementor-element-populated\">\n\t\t\t\t\t\t\t\t<div class=\"elementor-element elementor-element-1017545 elementor-widget elementor-widget-text-editor\" data-id=\"1017545\" data-element_type=\"widget\" data-widget_type=\"text-editor.default\">\n\t\t\t\t<div class=\"elementor-widget-container\">\n\t\t\t\t\t\t\t<div dir=\"auto\" style=\"text-align: start;\"><strong>DERECHO LABORAL<\/strong><\/div><div dir=\"auto\" style=\"text-align: start;\">Bolet\u00edn Informativo 001 (01-05-2020) &#8211; Palma Abogados &#8211; Manta, Manab\u00ed, Ecuador.<\/div>\t\t\t\t\t\t<\/div>\n\t\t\t\t<\/div>\n\t\t\t\t<div class=\"elementor-element elementor-element-1d411ed elementor-widget elementor-widget-image\" data-id=\"1d411ed\" data-element_type=\"widget\" data-widget_type=\"image.default\">\n\t\t\t\t<div class=\"elementor-widget-container\">\n\t\t\t\t\t\t\t\t\t\t\t\t\t\t\t<img decoding=\"async\" width=\"2400\" height=\"871\" src=\"https:\/\/palmaabogados.com\/wp-content\/uploads\/2020\/05\/Imagencabecerablog.png\" class=\"attachment-full size-full wp-image-401\" alt=\"\" srcset=\"https:\/\/palmaabogados.com\/wp-content\/uploads\/2020\/05\/Imagencabecerablog.png 2400w, https:\/\/palmaabogados.com\/wp-content\/uploads\/2020\/05\/Imagencabecerablog-300x109.png 300w, https:\/\/palmaabogados.com\/wp-content\/uploads\/2020\/05\/Imagencabecerablog-768x279.png 768w, https:\/\/palmaabogados.com\/wp-content\/uploads\/2020\/05\/Imagencabecerablog-1024x372.png 1024w, https:\/\/palmaabogados.com\/wp-content\/uploads\/2020\/05\/Imagencabecerablog-1568x569.png 1568w\" sizes=\"(max-width: 34.9rem) calc(100vw - 2rem), (max-width: 53rem) calc(8 * (100vw \/ 12)), (min-width: 53rem) calc(6 * (100vw \/ 12)), 100vw\" \/>\t\t\t\t\t\t\t\t\t\t\t\t\t\t\t<\/div>\n\t\t\t\t<\/div>\n\t\t\t\t<div class=\"elementor-element elementor-element-d9ce104 elementor-widget elementor-widget-text-editor\" data-id=\"d9ce104\" data-element_type=\"widget\" data-widget_type=\"text-editor.default\">\n\t\t\t\t<div class=\"elementor-widget-container\">\n\t\t\t\t\t\t\t<p><span lang=\"ES-EC\">Mediante Resoluci\u00f3n <strong>Nro. MDT-2020-022<\/strong>, el pasado 28 de abril de 2020 el Ministerio del Trabajo del Ecuador, resolvi\u00f3 que la enfermedad del coronavirus no ser\u00e1 considerada accidente de trabajo ni enfermedad profesional. <\/span><\/p><p class=\"MsoNormal\" style=\"text-align: justify;\"><span lang=\"ES-EC\">Dicha resoluci\u00f3n, como era previsible, gener\u00f3 pronunciamientos de diversa \u00edndole desde diferentes sectores sociales, especialmente el fuerte rechazo de los gremios de trabajadores, y finalmente la presi\u00f3n ejercida sobre esta cartera de estado, deriv\u00f3 en una nueva resoluci\u00f3n de car\u00e1cter reformatoria, la <strong>Nro. MDT-2020-023<\/strong>, dictada veinticuatro horas despu\u00e9s, y mediante la cual el Ministerio decidi\u00f3 admitir como excepci\u00f3n, a aquellos casos en que se determine cient\u00edficamente que el contagio del trabajador obedece en forma directa a sus actividades laborales. <\/span><\/p><p class=\"MsoNormal\" style=\"text-align: justify;\"><span lang=\"ES-EC\">A continuaci\u00f3n respondemos una serie de preguntas respecto de esta tem\u00e1tica:<\/span><\/p><p class=\"MsoNormal\" style=\"text-align: justify;\"><b style=\"mso-bidi-font-weight: normal;\"><span lang=\"ES-EC\">\u00bfQu\u00e9 es un accidente de trabajo?<\/span><\/b><\/p><p class=\"MsoNormal\" style=\"text-align: justify;\"><span lang=\"ES-EC\">Nuestro C\u00f3digo del Trabajo lo define como: \u201ctodo suceso imprevisto y repentino que ocasiona al trabajador una lesi\u00f3n corporal o perturbaci\u00f3n funcional, con ocasi\u00f3n o por consecuencia del trabajo que ejecuta por cuenta ajena.\u201d<\/span><\/p><p class=\"MsoNormal\" style=\"text-align: justify;\"><b style=\"mso-bidi-font-weight: normal;\"><span lang=\"ES-EC\">\u00bfQu\u00e9 es una enfermedad profesional?<\/span><\/b><\/p><p class=\"MsoNormal\" style=\"text-align: justify;\"><span lang=\"ES-EC\">De acuerdo con el mismo c\u00f3digo, son: \u201caquellas afecciones agudas o cr\u00f3nicas causadas de una manera directa por el ejercicio de la profesi\u00f3n o labor que realiza el trabajador y que producen incapacidad.\u201d <\/span><\/p><p class=\"MsoNormal\" style=\"text-align: justify;\"><b style=\"mso-bidi-font-weight: normal;\"><span lang=\"ES-EC\">Todo accidente que sufra el trabajador, dentro del centro de trabajo, \u00bfconstituye accidente de trabajo?<\/span><\/b><\/p><p class=\"MsoNormal\" style=\"text-align: justify;\"><span lang=\"ES-EC\">La respuesta es no. Al igual que, no toda enfermedad contra\u00edda por el trabajador en las instalaciones de su trabajo, constituye enfermedad profesional.<\/span><\/p><p class=\"MsoNormal\" style=\"text-align: justify;\"><b style=\"mso-bidi-font-weight: normal;\"><span lang=\"ES-EC\">\u00bfEn qu\u00e9 casos se configura un accidente de trabajo o enfermedad profesional?<\/span><\/b><\/p><p class=\"MsoNormal\" style=\"text-align: justify;\"><span lang=\"ES-EC\">Cuando la afectaci\u00f3n causada al trabajador se origina con ocasi\u00f3n o por consecuencia directa del trabajo que realiza en favor del empleador, es decir, cuando se verifica la relaci\u00f3n causa \u2013 efecto, entre la exposici\u00f3n a la que est\u00e1 sometida el trabajador en raz\u00f3n de las actividades laborales relacionadas a su puesto de trabajo, y el da\u00f1o causado a su salud como producto de dicha exposici\u00f3n.<\/span><\/p><p class=\"MsoNormal\" style=\"text-align: justify;\"><b style=\"mso-bidi-font-weight: normal;\"><span lang=\"ES-EC\">\u00bfQui\u00e9n determina si se trata o no accidente de trabajo o enfermedad profesional?<\/span><\/b><\/p><p class=\"MsoNormal\" style=\"text-align: justify;\"><span lang=\"ES-EC\">El ente encargado de la calificaci\u00f3n es la Direcci\u00f3n del Seguro General de Riesgos del Trabajo, del Instituto Ecuatoriano de Seguridad Social, a trav\u00e9s de las respectivas unidades provinciales, luego de agotar el procedimiento establecido en el reglamento de la materia.<\/span><\/p><p class=\"MsoNormal\" style=\"text-align: justify;\"><span lang=\"ES-EC\">Para el efecto, se considerar\u00e1n los criterios de diagn\u00f3stico, criterios de exclusi\u00f3n y circunstancias, en que se haya producido el evento que es sujeto a calificaci\u00f3n. De tal modo que, aquellos casos no comprendidos dentro de los supuestos contemplados en la reglamentaci\u00f3n respectiva, no ser\u00e1n calificados como accidente de trabajo o enfermedad profesional.<\/span><\/p><p class=\"MsoNormal\" style=\"text-align: justify;\"><b style=\"mso-bidi-font-weight: normal;\"><span lang=\"ES-EC\">\u00bfCu\u00e1l es la consecuencia de que el hecho sea calificado o no, como accidente de trabajo o enfermedad profesional?<\/span><\/b><\/p><p class=\"MsoNormal\" style=\"text-align: justify;\"><span lang=\"ES-EC\">Principalmente, importa a las condiciones de acceso al r\u00e9gimen de prestaciones a que hay lugar para la reparaci\u00f3n de los da\u00f1os derivados de accidentes de trabajo, que afectan la capacidad laboral del individuo.<\/span><\/p><p class=\"MsoNormal\" style=\"text-align: justify;\"><span lang=\"ES-EC\">Mientras que, el derecho a recibir las prestaciones originadas por accidente de trabajo se genera desde el primer d\u00eda de labores, esto es, desde el momento en que el trabajador ha sido afiliado por su empleador; para el caso, de las enfermedades consideradas no profesionales, es decir, aquellas que no guardan relaci\u00f3n con la actividad laboral del afiliado, dicho derecho se activa cuando \u00e9ste haya acumulado al menos seis aportaciones mensuales ininterrumpidas. <\/span><\/p><p class=\"MsoNormal\" style=\"text-align: justify;\"><b style=\"mso-bidi-font-weight: normal;\"><span lang=\"ES-EC\">\u00bfCu\u00e1les son las prestaciones a que da lugar la calificaci\u00f3n de accidente de trabajo o enfermedad profesional?<\/span><\/b><\/p><p class=\"MsoNormal\" style=\"text-align: justify;\"><span lang=\"ES-EC\">Especialmente las siguientes: servicios m\u00e9dico asistenciales; pago de pensiones, subsidios o indemnizaciones, seg\u00fan el grado de incapacidad laboral; pensi\u00f3n de montep\u00edo, en caso de fallecimiento del afiliado.<\/span><\/p><p class=\"MsoNormal\" style=\"text-align: justify;\"><b style=\"mso-bidi-font-weight: normal;\"><span lang=\"ES-EC\">Entonces, \u00bfla enfermedad del coronavirus puede ser considerada accidente de trabajo o enfermedad profesional?<\/span><\/b><\/p><p class=\"MsoNormal\" style=\"text-align: justify;\"><span lang=\"ES-EC\">En este punto, es necesario se\u00f1alar que al amparo de nuestro actual r\u00e9gimen jur\u00eddico, ya se admit\u00eda la posibilidad de que un evento de esta naturaleza pueda ser objeto de calificaci\u00f3n como accidente de trabajo o enfermedad profesional, por tanto, en principio la respuesta ser\u00e1 que, el contagio de un trabajador con la enfermedad del coronavirus es un evento susceptible de ser calificado como accidente de trabajo o enfermedad profesional,<b style=\"mso-bidi-font-weight: normal;\"> <\/b>siempre que se re\u00fanan los presupuestos y condiciones que se han indicado previamente.<\/span><\/p><p class=\"MsoNormal\" style=\"text-align: justify;\"><span lang=\"ES-EC\">Luego, a partir de la excepci\u00f3n expresa que establece la resoluci\u00f3n reformatoria Nro. MDT-2020-023, se confirma lo antes dicho, cual es que, deber\u00e1 comprobarse el v\u00ednculo directo que existe entre la exposici\u00f3n al riesgo en cuesti\u00f3n y las actividades laborales ejecutadas por el trabajador.<\/span><\/p>\t\t\t\t\t\t<\/div>\n\t\t\t\t<\/div>\n\t\t\t\t\t<\/div>\n\t\t<\/div>\n\t\t\t\t\t\t\t<\/div>\n\t\t<\/section>\n\t\t\t\t<section class=\"elementor-section elementor-top-section elementor-element elementor-element-b855cbc elementor-section-boxed elementor-section-height-default elementor-section-height-default\" data-id=\"b855cbc\" data-element_type=\"section\" data-settings=\"{&quot;background_background&quot;:&quot;classic&quot;}\">\n\t\t\t\t\t\t<div class=\"elementor-container elementor-column-gap-default\">\n\t\t\t\t\t<div class=\"elementor-column elementor-col-100 elementor-top-column elementor-element elementor-element-a2b0cd1\" data-id=\"a2b0cd1\" data-element_type=\"column\">\n\t\t\t<div class=\"elementor-widget-wrap elementor-element-populated\">\n\t\t\t\t\t\t\t\t<div class=\"elementor-element elementor-element-c3df5cc elementor-widget elementor-widget-text-editor\" data-id=\"c3df5cc\" data-element_type=\"widget\" data-widget_type=\"text-editor.default\">\n\t\t\t\t<div class=\"elementor-widget-container\">\n\t\t\t\t\t\t\t<p><strong>Nota:<\/strong>\u00a0El presente bolet\u00edn no constituye asesor\u00eda legal de ninguna naturaleza, pues responde a una finalidad meramente informativa.<\/p>\t\t\t\t\t\t<\/div>\n\t\t\t\t<\/div>\n\t\t\t\t\t<\/div>\n\t\t<\/div>\n\t\t\t\t\t\t\t<\/div>\n\t\t<\/section>\n\t\t\t\t\t\t\t<\/div>\n\t\t","protected":false},"excerpt":{"rendered":"<p>Blog Palma Abogados DERECHO SOCIETARIOBolet\u00edn Informativo 002 (20-05-2020) &#8211; Palma Abogados &#8211; Manta, Manab\u00ed, Ecuador. SOCIEDAD POR ACCIONES SIMPLIFICADA (S.A.S) En el Registro Oficial Suplemento # 151 de 28 de febrero del 2020, a trav\u00e9s de la promulgaci\u00f3n de la Ley Org\u00e1nica de Emprendimiento e Innovaci\u00f3n, y reformando para ello la Ley de Compa\u00f1\u00edas, se [&hellip;]<\/p>\n","protected":false},"author":1,"featured_media":0,"parent":0,"menu_order":0,"comment_status":"closed","ping_status":"closed","template":"elementor_canvas","meta":{"footnotes":""},"_links":{"self":[{"href":"https:\/\/palmaabogados.com\/index.php\/wp-json\/wp\/v2\/pages\/377"}],"collection":[{"href":"https:\/\/palmaabogados.com\/index.php\/wp-json\/wp\/v2\/pages"}],"about":[{"href":"https:\/\/palmaabogados.com\/index.php\/wp-json\/wp\/v2\/types\/page"}],"author":[{"embeddable":true,"href":"https:\/\/palmaabogados.com\/index.php\/wp-json\/wp\/v2\/users\/1"}],"replies":[{"embeddable":true,"href":"https:\/\/palmaabogados.com\/index.php\/wp-json\/wp\/v2\/comments?post=377"}],"version-history":[{"count":20,"href":"https:\/\/palmaabogados.com\/index.php\/wp-json\/wp\/v2\/pages\/377\/revisions"}],"predecessor-version":[{"id":419,"href":"https:\/\/palmaabogados.com\/index.php\/wp-json\/wp\/v2\/pages\/377\/revisions\/419"}],"wp:attachment":[{"href":"https:\/\/palmaabogados.com\/index.php\/wp-json\/wp\/v2\/media?parent=377"}],"curies":[{"name":"wp","href":"https:\/\/api.w.org\/{rel}","templated":true}]}}