{"id":122,"date":"2020-04-14T01:59:55","date_gmt":"2020-04-14T01:59:55","guid":{"rendered":"http:\/\/palmaabogados.com\/?page_id=122"},"modified":"2023-10-10T16:37:47","modified_gmt":"2023-10-10T16:37:47","slug":"equipo","status":"publish","type":"page","link":"https:\/\/palmaabogados.com\/index.php\/equipo\/","title":{"rendered":"Equipo"},"content":{"rendered":"\t\t<div data-elementor-type=\"wp-page\" data-elementor-id=\"122\" class=\"elementor elementor-122\" data-elementor-post-type=\"page\">\n\t\t\t\t\t\t\t\t\t<section class=\"elementor-section elementor-top-section elementor-element elementor-element-44d365c elementor-section-boxed elementor-section-height-default elementor-section-height-default\" data-id=\"44d365c\" data-element_type=\"section\" data-settings=\"{&quot;background_background&quot;:&quot;classic&quot;}\">\n\t\t\t\t\t\t<div class=\"elementor-container elementor-column-gap-default\">\n\t\t\t\t\t<div class=\"elementor-column elementor-col-100 elementor-top-column elementor-element elementor-element-2af312b\" data-id=\"2af312b\" data-element_type=\"column\">\n\t\t\t<div class=\"elementor-widget-wrap elementor-element-populated\">\n\t\t\t\t\t\t\t\t<div class=\"elementor-element elementor-element-feefd50 elementor-widget elementor-widget-heading\" data-id=\"feefd50\" data-element_type=\"widget\" data-widget_type=\"heading.default\">\n\t\t\t\t<div class=\"elementor-widget-container\">\n\t\t\t<h2 class=\"elementor-heading-title elementor-size-default\">- Nuestro Equipo -<\/h2>\t\t<\/div>\n\t\t\t\t<\/div>\n\t\t\t\t\t<\/div>\n\t\t<\/div>\n\t\t\t\t\t\t\t<\/div>\n\t\t<\/section>\n\t\t\t\t<section class=\"elementor-section elementor-top-section elementor-element elementor-element-7f462d7 elementor-section-boxed elementor-section-height-default elementor-section-height-default\" data-id=\"7f462d7\" data-element_type=\"section\" data-settings=\"{&quot;background_background&quot;:&quot;classic&quot;}\">\n\t\t\t\t\t\t<div class=\"elementor-container elementor-column-gap-default\">\n\t\t\t\t\t<div class=\"elementor-column elementor-col-50 elementor-top-column elementor-element elementor-element-2fcfa95\" data-id=\"2fcfa95\" data-element_type=\"column\" data-settings=\"{&quot;background_background&quot;:&quot;classic&quot;}\">\n\t\t\t<div class=\"elementor-widget-wrap elementor-element-populated\">\n\t\t\t\t\t\t\t\t<div class=\"elementor-element elementor-element-15b1b09b elementor-position-left elementor-vertical-align-middle elementor-widget elementor-widget-image-box\" data-id=\"15b1b09b\" data-element_type=\"widget\" data-widget_type=\"image-box.default\">\n\t\t\t\t<div class=\"elementor-widget-container\">\n\t\t\t<div class=\"elementor-image-box-wrapper\"><figure class=\"elementor-image-box-img\"><img fetchpriority=\"high\" decoding=\"async\" width=\"236\" height=\"269\" src=\"https:\/\/palmaabogados.com\/wp-content\/uploads\/2020\/04\/Cesar-PalmaAlcivar.png\" class=\"attachment-full size-full wp-image-359\" alt=\"C\u00e9sar Palma Alcivar\" \/><\/figure><div class=\"elementor-image-box-content\"><h3 class=\"elementor-image-box-title\">C\u00e9sar Palma Alc\u00edvar<\/h3><p class=\"elementor-image-box-description\">SOCIO DIRECTOR<\/p><\/div><\/div>\t\t<\/div>\n\t\t\t\t<\/div>\n\t\t\t\t<div class=\"elementor-element elementor-element-8addccb elementor-widget elementor-widget-text-editor\" data-id=\"8addccb\" data-element_type=\"widget\" data-widget_type=\"text-editor.default\">\n\t\t\t\t<div class=\"elementor-widget-container\">\n\t\t\t\t\t\t\t<p><strong>Estudios:<\/strong><\/p><p>Abogado de los Juzgados y Tribunales de la Rep\u00fablica del Ecuador<\/p><p>Doctor en Jurisprudencia, Ciencias Sociales y Pol\u00edticas<\/p><p>Especialista en Derecho Empresarial<\/p><p>Magister en Derecho Empresarial<\/p><p><strong>Cargos desempe\u00f1ados:<\/strong><\/p><p>Decano y catedr\u00e1tico de la Facultad de Derecho de la Universidad Laica Eloy Alfaro de Manab\u00ed<\/p><p>\u00c1rbitro del Centro de Mediaci\u00f3n y Arbitraje de la C\u00e1mara de Comercio de Manta<\/p><p>Conjuez de la Corte Nacional de Justicia del Ecuador<\/p><p><strong>\u00c1reas de pr\u00e1ctica:<\/strong><\/p><p>Civil, comercial, bancaria, societaria, litigaci\u00f3n.<\/p>\t\t\t\t\t\t<\/div>\n\t\t\t\t<\/div>\n\t\t\t\t\t<\/div>\n\t\t<\/div>\n\t\t\t\t<div class=\"elementor-column elementor-col-50 elementor-top-column elementor-element elementor-element-0922223\" data-id=\"0922223\" data-element_type=\"column\" data-settings=\"{&quot;background_background&quot;:&quot;classic&quot;}\">\n\t\t\t<div class=\"elementor-widget-wrap elementor-element-populated\">\n\t\t\t\t\t\t\t\t<div class=\"elementor-element elementor-element-71af661 elementor-position-left elementor-vertical-align-middle elementor-widget elementor-widget-image-box\" data-id=\"71af661\" data-element_type=\"widget\" data-widget_type=\"image-box.default\">\n\t\t\t\t<div class=\"elementor-widget-container\">\n\t\t\t<div class=\"elementor-image-box-wrapper\"><figure class=\"elementor-image-box-img\"><img decoding=\"async\" width=\"236\" height=\"269\" src=\"https:\/\/palmaabogados.com\/wp-content\/uploads\/2020\/04\/CesarPalmaSalazar.png\" class=\"attachment-full size-full wp-image-360\" alt=\"\" \/><\/figure><div class=\"elementor-image-box-content\"><h3 class=\"elementor-image-box-title\">C\u00e9sar Palma Salazar<\/h3><p class=\"elementor-image-box-description\">SOCIO<\/p><\/div><\/div>\t\t<\/div>\n\t\t\t\t<\/div>\n\t\t\t\t<div class=\"elementor-element elementor-element-76ac815 elementor-widget elementor-widget-text-editor\" data-id=\"76ac815\" data-element_type=\"widget\" data-widget_type=\"text-editor.default\">\n\t\t\t\t<div class=\"elementor-widget-container\">\n\t\t\t\t\t\t\t<p><strong>Estudios:<\/strong><\/p><p>Abogado de los Juzgados y Tribunales de la Rep\u00fablica del Ecuador<\/p><p>Magister en Derecho, menci\u00f3n en Derecho de Empresa<\/p><p>\u00a0<\/p><p><strong>Cargos desempe\u00f1ados:<\/strong><\/p><p>Registrador de la Propiedad (e) del cant\u00f3n Manta<\/p><p>Notario Quinto Suplente del cant\u00f3n Manta<\/p><p><strong>\u00c1reas de pr\u00e1ctica:<\/strong><\/p><p>Civil, comercial, societaria, laboral, litigaci\u00f3n.<\/p><p>\u00a0<\/p>\t\t\t\t\t\t<\/div>\n\t\t\t\t<\/div>\n\t\t\t\t\t<\/div>\n\t\t<\/div>\n\t\t\t\t\t\t\t<\/div>\n\t\t<\/section>\n\t\t\t\t<section class=\"elementor-section elementor-top-section elementor-element elementor-element-ebf8881 elementor-section-boxed elementor-section-height-default elementor-section-height-default\" data-id=\"ebf8881\" data-element_type=\"section\" data-settings=\"{&quot;background_background&quot;:&quot;classic&quot;}\">\n\t\t\t\t\t\t<div class=\"elementor-container elementor-column-gap-default\">\n\t\t\t\t\t<div class=\"elementor-column elementor-col-100 elementor-top-column elementor-element elementor-element-4c3b5fe\" data-id=\"4c3b5fe\" data-element_type=\"column\">\n\t\t\t<div class=\"elementor-widget-wrap\">\n\t\t\t\t\t\t\t\t\t<\/div>\n\t\t<\/div>\n\t\t\t\t\t\t\t<\/div>\n\t\t<\/section>\n\t\t\t\t\t\t\t<\/div>\n\t\t","protected":false},"excerpt":{"rendered":"<p>&#8211; Nuestro Equipo &#8211; C\u00e9sar Palma Alc\u00edvar SOCIO DIRECTOR Estudios: Abogado de los Juzgados y Tribunales de la Rep\u00fablica del Ecuador Doctor en Jurisprudencia, Ciencias Sociales y Pol\u00edticas Especialista en Derecho Empresarial Magister en Derecho Empresarial Cargos desempe\u00f1ados: Decano y catedr\u00e1tico de la Facultad de Derecho de la Universidad Laica Eloy Alfaro de Manab\u00ed \u00c1rbitro [&hellip;]<\/p>\n","protected":false},"author":1,"featured_media":0,"parent":0,"menu_order":0,"comment_status":"closed","ping_status":"closed","template":"elementor_canvas","meta":{"footnotes":""},"_links":{"self":[{"href":"https:\/\/palmaabogados.com\/index.php\/wp-json\/wp\/v2\/pages\/122"}],"collection":[{"href":"https:\/\/palmaabogados.com\/index.php\/wp-json\/wp\/v2\/pages"}],"about":[{"href":"https:\/\/palmaabogados.com\/index.php\/wp-json\/wp\/v2\/types\/page"}],"author":[{"embeddable":true,"href":"https:\/\/palmaabogados.com\/index.php\/wp-json\/wp\/v2\/users\/1"}],"replies":[{"embeddable":true,"href":"https:\/\/palmaabogados.com\/index.php\/wp-json\/wp\/v2\/comments?post=122"}],"version-history":[{"count":23,"href":"https:\/\/palmaabogados.com\/index.php\/wp-json\/wp\/v2\/pages\/122\/revisions"}],"predecessor-version":[{"id":518,"href":"https:\/\/palmaabogados.com\/index.php\/wp-json\/wp\/v2\/pages\/122\/revisions\/518"}],"wp:attachment":[{"href":"https:\/\/palmaabogados.com\/index.php\/wp-json\/wp\/v2\/media?parent=122"}],"curies":[{"name":"wp","href":"https:\/\/api.w.org\/{rel}","templated":true}]}}