{"id":120,"date":"2020-04-14T01:58:49","date_gmt":"2020-04-14T01:58:49","guid":{"rendered":"http:\/\/palmaabogados.com\/?page_id=120"},"modified":"2022-02-25T05:17:03","modified_gmt":"2022-02-25T05:17:03","slug":"quienes-somos","status":"publish","type":"page","link":"https:\/\/palmaabogados.com\/index.php\/quienes-somos\/","title":{"rendered":"Quienes somos"},"content":{"rendered":"\t\t<div data-elementor-type=\"wp-page\" data-elementor-id=\"120\" class=\"elementor elementor-120\" data-elementor-post-type=\"page\">\n\t\t\t\t\t\t\t\t\t<section class=\"elementor-section elementor-top-section elementor-element elementor-element-690f231 elementor-section-boxed elementor-section-height-default elementor-section-height-default\" data-id=\"690f231\" data-element_type=\"section\" data-settings=\"{&quot;background_background&quot;:&quot;classic&quot;}\">\n\t\t\t\t\t\t<div class=\"elementor-container elementor-column-gap-default\">\n\t\t\t\t\t<div class=\"elementor-column elementor-col-100 elementor-top-column elementor-element elementor-element-d942e16\" data-id=\"d942e16\" data-element_type=\"column\">\n\t\t\t<div class=\"elementor-widget-wrap elementor-element-populated\">\n\t\t\t\t\t\t\t\t<div class=\"elementor-element elementor-element-547d8b3 elementor-widget elementor-widget-image\" data-id=\"547d8b3\" data-element_type=\"widget\" data-widget_type=\"image.default\">\n\t\t\t\t<div class=\"elementor-widget-container\">\n\t\t\t\t\t\t\t\t\t\t\t\t\t\t\t<img fetchpriority=\"high\" decoding=\"async\" width=\"640\" height=\"166\" src=\"https:\/\/palmaabogados.com\/wp-content\/uploads\/2020\/11\/marca-color-768x199.png\" class=\"attachment-medium_large size-medium_large wp-image-479\" alt=\"\" srcset=\"https:\/\/palmaabogados.com\/wp-content\/uploads\/2020\/11\/marca-color-768x199.png 768w, https:\/\/palmaabogados.com\/wp-content\/uploads\/2020\/11\/marca-color-300x78.png 300w, https:\/\/palmaabogados.com\/wp-content\/uploads\/2020\/11\/marca-color.png 915w\" sizes=\"(max-width: 34.9rem) calc(100vw - 2rem), (max-width: 53rem) calc(8 * (100vw \/ 12)), (min-width: 53rem) calc(6 * (100vw \/ 12)), 100vw\" \/>\t\t\t\t\t\t\t\t\t\t\t\t\t\t\t<\/div>\n\t\t\t\t<\/div>\n\t\t\t\t\t<\/div>\n\t\t<\/div>\n\t\t\t\t\t\t\t<\/div>\n\t\t<\/section>\n\t\t\t\t<section class=\"elementor-section elementor-top-section elementor-element elementor-element-7968762 elementor-section-boxed elementor-section-height-default elementor-section-height-default\" data-id=\"7968762\" data-element_type=\"section\">\n\t\t\t\t\t\t<div class=\"elementor-container elementor-column-gap-default\">\n\t\t\t\t\t<div class=\"elementor-column elementor-col-100 elementor-top-column elementor-element elementor-element-e6b83b7\" data-id=\"e6b83b7\" data-element_type=\"column\">\n\t\t\t<div class=\"elementor-widget-wrap elementor-element-populated\">\n\t\t\t\t\t\t\t\t<div class=\"elementor-element elementor-element-bc835c0 elementor-widget elementor-widget-spacer\" data-id=\"bc835c0\" data-element_type=\"widget\" data-widget_type=\"spacer.default\">\n\t\t\t\t<div class=\"elementor-widget-container\">\n\t\t\t\t\t<div class=\"elementor-spacer\">\n\t\t\t<div class=\"elementor-spacer-inner\"><\/div>\n\t\t<\/div>\n\t\t\t\t<\/div>\n\t\t\t\t<\/div>\n\t\t\t\t<div class=\"elementor-element elementor-element-bea3b75 elementor-widget elementor-widget-heading\" data-id=\"bea3b75\" data-element_type=\"widget\" data-widget_type=\"heading.default\">\n\t\t\t\t<div class=\"elementor-widget-container\">\n\t\t\t<h3 class=\"elementor-heading-title elementor-size-default\">- Quienes Somos -<\/h3>\t\t<\/div>\n\t\t\t\t<\/div>\n\t\t\t\t\t<\/div>\n\t\t<\/div>\n\t\t\t\t\t\t\t<\/div>\n\t\t<\/section>\n\t\t\t\t<section class=\"elementor-section elementor-top-section elementor-element elementor-element-d9f9abc elementor-section-boxed elementor-section-height-default elementor-section-height-default\" data-id=\"d9f9abc\" data-element_type=\"section\">\n\t\t\t\t\t\t<div class=\"elementor-container elementor-column-gap-default\">\n\t\t\t\t\t<div class=\"elementor-column elementor-col-100 elementor-top-column elementor-element elementor-element-420af92\" data-id=\"420af92\" data-element_type=\"column\">\n\t\t\t<div class=\"elementor-widget-wrap elementor-element-populated\">\n\t\t\t\t\t\t\t\t<div class=\"elementor-element elementor-element-a97d2a8 elementor-widget elementor-widget-heading\" data-id=\"a97d2a8\" data-element_type=\"widget\" data-widget_type=\"heading.default\">\n\t\t\t\t<div class=\"elementor-widget-container\">\n\t\t\t<h4 class=\"elementor-heading-title elementor-size-default\">Palma Abogados<\/h4>\t\t<\/div>\n\t\t\t\t<\/div>\n\t\t\t\t<div class=\"elementor-element elementor-element-cacba9a elementor-widget elementor-widget-text-editor\" data-id=\"cacba9a\" data-element_type=\"widget\" data-widget_type=\"text-editor.default\">\n\t\t\t\t<div class=\"elementor-widget-container\">\n\t\t\t\t\t\t\t<p><strong>Palma Abogados <\/strong>es una firma de servicios legales con sede en Manta (Ecuador), que brinda asesor\u00eda jur\u00eddica principalmente en materias relativas al derecho civil, mercantil, societario, laboral y mar\u00edtimo, bajo un esquema de profesionalismo \u00e9tico, responsable y de calidad.<\/p><p>Con m\u00e1s de 38 a\u00f1os de experiencia y tradici\u00f3n jur\u00eddica, nuestra capacidad de gesti\u00f3n con resultados nos permite contar con un portafolio de clientes que incluye a importantes personas naturales y jur\u00eddicas en todo el pa\u00eds, quienes nos distinguen con la confianza depositada en nuestro trabajo.<\/p><p>Conscientes de los desaf\u00edos que franquea el entorno jur\u00eddico moderno, en <strong>Palma Abogados <\/strong>hemos trazado la hoja de ruta hacia el fortalecimiento y consolidaci\u00f3n de nuestros servicios, de la mano de las nuevas tecnolog\u00edas de la informaci\u00f3n, para cubrir sus expectativas y posicionar a la firma dentro de los m\u00e1s altos est\u00e1ndares de calidad.<\/p>\t\t\t\t\t\t<\/div>\n\t\t\t\t<\/div>\n\t\t\t\t\t<\/div>\n\t\t<\/div>\n\t\t\t\t\t\t\t<\/div>\n\t\t<\/section>\n\t\t\t\t<section class=\"elementor-section elementor-top-section elementor-element elementor-element-d674a8a elementor-section-boxed elementor-section-height-default elementor-section-height-default\" data-id=\"d674a8a\" data-element_type=\"section\">\n\t\t\t\t\t\t<div class=\"elementor-container elementor-column-gap-default\">\n\t\t\t\t\t<div class=\"elementor-column elementor-col-50 elementor-top-column elementor-element elementor-element-bb68a93\" data-id=\"bb68a93\" data-element_type=\"column\">\n\t\t\t<div class=\"elementor-widget-wrap elementor-element-populated\">\n\t\t\t\t\t\t\t\t<div class=\"elementor-element elementor-element-e1b6b04 elementor-view-default elementor-widget elementor-widget-icon\" data-id=\"e1b6b04\" data-element_type=\"widget\" data-widget_type=\"icon.default\">\n\t\t\t\t<div class=\"elementor-widget-container\">\n\t\t\t\t\t<div class=\"elementor-icon-wrapper\">\n\t\t\t<div class=\"elementor-icon\">\n\t\t\t<i aria-hidden=\"true\" class=\"fas fa-star\"><\/i>\t\t\t<\/div>\n\t\t<\/div>\n\t\t\t\t<\/div>\n\t\t\t\t<\/div>\n\t\t\t\t<div class=\"elementor-element elementor-element-c9ce4f5 elementor-widget elementor-widget-heading\" data-id=\"c9ce4f5\" data-element_type=\"widget\" data-widget_type=\"heading.default\">\n\t\t\t\t<div class=\"elementor-widget-container\">\n\t\t\t<h4 class=\"elementor-heading-title elementor-size-default\">- Misi\u00f3n -<\/h4>\t\t<\/div>\n\t\t\t\t<\/div>\n\t\t\t\t<div class=\"elementor-element elementor-element-066e91e elementor-widget elementor-widget-text-editor\" data-id=\"066e91e\" data-element_type=\"widget\" data-widget_type=\"text-editor.default\">\n\t\t\t\t<div class=\"elementor-widget-container\">\n\t\t\t\t\t\t\t<p>Brindar servicios de asesor\u00eda jur\u00eddica con calidad profesional, \u00e9tica y capacidad de resoluci\u00f3n integral, oportuna y efectiva a los requerimientos de nuestros clientes.<\/p>\t\t\t\t\t\t<\/div>\n\t\t\t\t<\/div>\n\t\t\t\t\t<\/div>\n\t\t<\/div>\n\t\t\t\t<div class=\"elementor-column elementor-col-50 elementor-top-column elementor-element elementor-element-2b71244\" data-id=\"2b71244\" data-element_type=\"column\">\n\t\t\t<div class=\"elementor-widget-wrap elementor-element-populated\">\n\t\t\t\t\t\t\t\t<div class=\"elementor-element elementor-element-61349c9 elementor-view-default elementor-widget elementor-widget-icon\" data-id=\"61349c9\" data-element_type=\"widget\" data-widget_type=\"icon.default\">\n\t\t\t\t<div class=\"elementor-widget-container\">\n\t\t\t\t\t<div class=\"elementor-icon-wrapper\">\n\t\t\t<div class=\"elementor-icon\">\n\t\t\t<i aria-hidden=\"true\" class=\"fas fa-eye\"><\/i>\t\t\t<\/div>\n\t\t<\/div>\n\t\t\t\t<\/div>\n\t\t\t\t<\/div>\n\t\t\t\t<div class=\"elementor-element elementor-element-d1fb731 elementor-widget elementor-widget-heading\" data-id=\"d1fb731\" data-element_type=\"widget\" data-widget_type=\"heading.default\">\n\t\t\t\t<div class=\"elementor-widget-container\">\n\t\t\t<h4 class=\"elementor-heading-title elementor-size-default\">- Visi\u00f3n -<\/h4>\t\t<\/div>\n\t\t\t\t<\/div>\n\t\t\t\t<div class=\"elementor-element elementor-element-456e5a0 elementor-widget elementor-widget-text-editor\" data-id=\"456e5a0\" data-element_type=\"widget\" data-widget_type=\"text-editor.default\">\n\t\t\t\t<div class=\"elementor-widget-container\">\n\t\t\t\t\t\t\t<p><span lang=\"ES-MX\">Posicionarnos a nivel local, nacional e internacional, como la firma de servicios jur\u00eddicos m\u00e1s prestigiosa del Ecuador, y como el aliado estrat\u00e9gico que nuestros clientes requieren para el cumplimiento de sus objetivos organizacionales. <\/span><\/p>\t\t\t\t\t\t<\/div>\n\t\t\t\t<\/div>\n\t\t\t\t\t<\/div>\n\t\t<\/div>\n\t\t\t\t<div class=\"elementor-column elementor-col-100 elementor-top-column elementor-element elementor-element-2b5f8f2\" data-id=\"2b5f8f2\" data-element_type=\"column\">\n\t\t\t<div class=\"elementor-widget-wrap elementor-element-populated\">\n\t\t\t\t\t\t\t\t<div class=\"elementor-element elementor-element-be5f662 elementor-view-default elementor-widget elementor-widget-icon\" data-id=\"be5f662\" data-element_type=\"widget\" data-widget_type=\"icon.default\">\n\t\t\t\t<div class=\"elementor-widget-container\">\n\t\t\t\t\t<div class=\"elementor-icon-wrapper\">\n\t\t\t<div class=\"elementor-icon\">\n\t\t\t<i aria-hidden=\"true\" class=\"fas fa-star\"><\/i>\t\t\t<\/div>\n\t\t<\/div>\n\t\t\t\t<\/div>\n\t\t\t\t<\/div>\n\t\t\t\t<div class=\"elementor-element elementor-element-05c5ee5 elementor-widget elementor-widget-heading\" data-id=\"05c5ee5\" data-element_type=\"widget\" data-widget_type=\"heading.default\">\n\t\t\t\t<div class=\"elementor-widget-container\">\n\t\t\t<h4 class=\"elementor-heading-title elementor-size-default\">- Valores -<\/h4>\t\t<\/div>\n\t\t\t\t<\/div>\n\t\t\t\t<div class=\"elementor-element elementor-element-3013e6f elementor-widget elementor-widget-text-editor\" data-id=\"3013e6f\" data-element_type=\"widget\" data-widget_type=\"text-editor.default\">\n\t\t\t\t<div class=\"elementor-widget-container\">\n\t\t\t\t\t\t\t<p>Nuestra actividad se desarrolla dentro del marco de los siguientes valores:<\/p><p><strong>\u00c9tica, <\/strong>caracter\u00edstica del accionar colectivo e individual de nuestro equipo de trabajo, que se traduce en el patrocinio responsable, honesto, profesional y transparente de los intereses del cliente.<\/p><p><strong>Lealtad, <\/strong>representada en el compromiso aut\u00e9ntico y consecuente que asume nuestra firma en cada asunto confiado por el cliente.<\/p><p><strong>Integridad, <\/strong>que impulsa a nuestra organizaci\u00f3n a mantener una conciencia profesional clara, digna y de respeto por las normas morales como complemento necesario a la versaci\u00f3n jur\u00eddica.<\/p><p><strong>Credibilidad, <\/strong>resultado del desenvolvimiento \u00e9tico, leal y honorable que dirige nuestro ejercicio del derecho, como pilar fundamental para establecer relaciones de confianza sostenidas en el tiempo entre Abogado y cliente.\u00a0<\/p>\t\t\t\t\t\t<\/div>\n\t\t\t\t<\/div>\n\t\t\t\t\t<\/div>\n\t\t<\/div>\n\t\t\t\t\t\t\t<\/div>\n\t\t<\/section>\n\t\t\t\t\t\t\t<\/div>\n\t\t","protected":false},"excerpt":{"rendered":"<p>&#8211; Quienes Somos &#8211; Palma Abogados Palma Abogados es una firma de servicios legales con sede en Manta (Ecuador), que brinda asesor\u00eda jur\u00eddica principalmente en materias relativas al derecho civil, mercantil, societario, laboral y mar\u00edtimo, bajo un esquema de profesionalismo \u00e9tico, responsable y de calidad. Con m\u00e1s de 38 a\u00f1os de experiencia y tradici\u00f3n jur\u00eddica, [&hellip;]<\/p>\n","protected":false},"author":1,"featured_media":0,"parent":0,"menu_order":0,"comment_status":"closed","ping_status":"closed","template":"elementor_canvas","meta":{"footnotes":""},"_links":{"self":[{"href":"https:\/\/palmaabogados.com\/index.php\/wp-json\/wp\/v2\/pages\/120"}],"collection":[{"href":"https:\/\/palmaabogados.com\/index.php\/wp-json\/wp\/v2\/pages"}],"about":[{"href":"https:\/\/palmaabogados.com\/index.php\/wp-json\/wp\/v2\/types\/page"}],"author":[{"embeddable":true,"href":"https:\/\/palmaabogados.com\/index.php\/wp-json\/wp\/v2\/users\/1"}],"replies":[{"embeddable":true,"href":"https:\/\/palmaabogados.com\/index.php\/wp-json\/wp\/v2\/comments?post=120"}],"version-history":[{"count":30,"href":"https:\/\/palmaabogados.com\/index.php\/wp-json\/wp\/v2\/pages\/120\/revisions"}],"predecessor-version":[{"id":499,"href":"https:\/\/palmaabogados.com\/index.php\/wp-json\/wp\/v2\/pages\/120\/revisions\/499"}],"wp:attachment":[{"href":"https:\/\/palmaabogados.com\/index.php\/wp-json\/wp\/v2\/media?parent=120"}],"curies":[{"name":"wp","href":"https:\/\/api.w.org\/{rel}","templated":true}]}}